{"id":593,"date":"2015-11-24T11:56:13","date_gmt":"2015-11-24T10:56:13","guid":{"rendered":"http:\/\/build.stadthotel-brunner.at\/?page_id=593"},"modified":"2025-12-15T09:35:11","modified_gmt":"2025-12-15T08:35:11","slug":"wissenswertes","status":"publish","type":"page","link":"https:\/\/www.stadthotel-brunner.at\/en\/wissenswertes\/","title":{"rendered":"Useful information &amp; FAQ"},"content":{"rendered":"<p><a href=\"https:\/\/www.stadthotel-brunner.at\/en\/impressum\/\"><strong>Booking conditions<\/strong><\/a><\/p>\n<p><strong>Check in:<\/strong> from 3 p.m. on the day of arrival<br \/>\n<strong>Check out:<\/strong> until 10:30 on the day of departure<\/p>\n<p><strong>Breakfast:<\/strong> 7.30 to 10.00 in the restaurant area<\/p>\n<p><strong>\u00c0 la carte \u2013 brunners Gasthaus \u2013 Schladming center:<\/strong><br \/>\nWe are happy to reserve a table for lunch and dinner.<br \/>\nHot meals from 11:30 a.m. to 9:00 p.m.<br \/>\nTakeaway available with advance order.<\/p>\n<p><strong>Bathrobe<\/strong><br \/>\nFor that extra cozy feeling, you can borrow a bathrobe from us free of charge for the duration of your stay.\nPlease return it to reception upon check-out. Otherwise, a fee of \u20ac50 per robe will be charged.<\/p>\n<p><strong>E-mobility<\/strong><br \/>\nE-charging station available<\/p>\n<p><strong>Final invoice<\/strong><br \/>\nYou can conveniently pay on the day of your departure or the evening before. We accept cash, debit cards, Mastercard, and Visa.<\/p>\n<p><strong>Windows &amp; Air Conditioning\u00a0<\/strong><br \/>\nWe are located right in the city center. Therefore, all our windows are soundproof. Fresh air is ensured by a so-called cold register. This residential ventilation system circulates the air and naturally cools the room temperature by up to 4 degrees.<\/p>\n<p><strong>Internet<\/strong><br \/>\nThe entire house has free high-speed Wi-Fi internet.<\/p>\n<p><strong>Children<\/strong><br \/>\nYou are very welcome. A baby monitor or a cot can be borrowed free of charge at any time. Please let us know when booking.<\/p>\n<p><strong>Coffee machine<\/strong><br \/>\nAll rooms have a coffee machine. Tea can be enjoyed or obtained from the tea house.<\/p>\n<p><strong>Refrigerator<\/strong><br \/>\nSMEG refrigerators are included in the Chocolate Suites. Additional refrigerators are available upon request.<\/p>\n<p><strong>souvenirs<\/strong><br \/>\nIn our shop you will find small souvenirs, regional or surprisingly modern.<\/p>\n<p><strong>Non-smoking hotel<\/strong><br \/>\nWe love fresh, clean air. Please smoke only outside the door.<\/p>\n<p><strong>Park<\/strong><br \/>\nOur hotel parking spaces are located directly in front of the entrance.<\/p>\n<p><strong>Planai valley station \u2013 Planet Planai<\/strong><br \/>\nEverything is within easy reach: the Planai valley station is just a 5-minute walk from the hotel. You can also take the ski bus to the Planai West valley station \u2013 free of charge with a valid ski pass.<\/p>\n<p><strong>Prices<\/strong><br \/>\nOur prices reflect current market conditions and are subject to change.<\/p>\n<p><strong>SPA \u2013 Sauna<\/strong><br \/>\nThe sauna and wellness area are open daily from 3 p.m. to 8 p.m.<\/p>\n<p><strong>Ski amad\u00e9 ski pass<\/strong><br \/>\nYou can purchase your pass either at the cable car valley station or conveniently at the hotel reception.<\/p>\n<p><strong>Ski &amp; bike room<\/strong><br \/>\nOf course it is included in our hotel.<\/p>\n<p><strong>Teahouse<\/strong><br \/>\nOpen from 8 a.m. to 10 p.m. For hotel guests only.<\/p>\n<p><strong>Yoga &amp; Jin Shin Jyutsu &amp; bike tours <\/strong><br \/>\nOf course it is included in your holiday free of charge.<br \/>\nFrom the end of May to October, host Thomas will show you the best tours through the Schladming-Dachstein region from Thursday to Sunday (dates are flexible). From easy (400m) to the Alpentour Trophy stages (3000m). One bike tour per booking from Thursday to Sunday is included in the price.<\/p>\n<p>&nbsp;<\/p>\n<h2>Let yourself fall into our coziness!<br \/>\nFind your center in the heart of the mountains. Right in Schladming.<br \/>\nStadthotel Brunner \u2013 the small boutique hotel in the mountains.<\/h2>\n<p>&nbsp;<\/p>","protected":false},"excerpt":{"rendered":"<p>Buchungsbedingungen Check-in: ab 15 Uhr am Anreisetag Check-out: bis 10:30 Uhr am Abreisetag Fr\u00fchst\u00fcck: 7.30 bis 10.00 Uhr im Restaurantbereich \u00c0 la carte &#8211; brunners Gasthaus &#8211; Zentrum Schladming: Gerne reservieren wir mittags und abends einen Tisch. Warme K\u00fcche von 11.30 Uhr \u2013 21.00 Uhr Take Away auf Vorbestellung m\u00f6glich. Bademantel F\u00fcr ein bequemes Kuschel-Gef\u00fchl [&hellip;]<\/p>\n","protected":false},"author":1,"featured_media":1235,"parent":0,"menu_order":0,"comment_status":"closed","ping_status":"closed","template":"page-templates\/faq.php","meta":{"_acf_changed":false,"footnotes":""},"class_list":["post-593","page","type-page","status-publish","has-post-thumbnail","hentry"],"acf":[],"_links":{"self":[{"href":"https:\/\/www.stadthotel-brunner.at\/en\/wp-json\/wp\/v2\/pages\/593","targetHints":{"allow":["GET"]}}],"collection":[{"href":"https:\/\/www.stadthotel-brunner.at\/en\/wp-json\/wp\/v2\/pages"}],"about":[{"href":"https:\/\/www.stadthotel-brunner.at\/en\/wp-json\/wp\/v2\/types\/page"}],"author":[{"embeddable":true,"href":"https:\/\/www.stadthotel-brunner.at\/en\/wp-json\/wp\/v2\/users\/1"}],"replies":[{"embeddable":true,"href":"https:\/\/www.stadthotel-brunner.at\/en\/wp-json\/wp\/v2\/comments?post=593"}],"version-history":[{"count":22,"href":"https:\/\/www.stadthotel-brunner.at\/en\/wp-json\/wp\/v2\/pages\/593\/revisions"}],"predecessor-version":[{"id":5099,"href":"https:\/\/www.stadthotel-brunner.at\/en\/wp-json\/wp\/v2\/pages\/593\/revisions\/5099"}],"wp:featuredmedia":[{"embeddable":true,"href":"https:\/\/www.stadthotel-brunner.at\/en\/wp-json\/wp\/v2\/media\/1235"}],"wp:attachment":[{"href":"https:\/\/www.stadthotel-brunner.at\/en\/wp-json\/wp\/v2\/media?parent=593"}],"curies":[{"name":"wp","href":"https:\/\/api.w.org\/{rel}","templated":true}]}}